{"id":286,"date":"2016-10-31T13:17:59","date_gmt":"2016-10-31T16:17:59","guid":{"rendered":"https:\/\/enslvgualeguay-ers.infd.edu.ar\/sitio\/?page_id=286"},"modified":"2023-10-17T20:27:41","modified_gmt":"2023-10-17T23:27:41","slug":"inicio","status":"publish","type":"page","link":"https:\/\/enslvgualeguay-ers.infd.edu.ar\/sitio\/","title":{"rendered":"Inicio"},"content":{"rendered":"<div id=\"metaslider-id-403\" style=\"width: 100%;\" class=\"ml-slider-3-33-0 metaslider metaslider-flex metaslider-403 ml-slider ms-theme-default\" role=\"region\" aria-roledescription=\"Slideshow\" aria-label=\"Slideshow\">\n    <div id=\"metaslider_container_403\">\n        <div id=\"metaslider_403\" class=\"flexslider\">\n            <ul aria-live=\"polite\" class=\"slides\">\n                <li style=\"display: block; width: 100%;\" class=\"slide-860 ms-image\" aria-roledescription=\"slide\" aria-label=\"slide-860\"><img src=\"https:\/\/enslvgualeguay-ers.infd.edu.ar\/sitio\/wp-content\/uploads\/2020\/10\/slide_4-869x158.png\" height=\"200\" width=\"1100\" alt=\"\" class=\"slider-403 slide-860\" title=\"slide_4\" \/><\/li>\n                <li style=\"display: none; width: 100%;\" class=\"slide-861 ms-image\" aria-roledescription=\"slide\" aria-label=\"slide-861\"><img src=\"https:\/\/enslvgualeguay-ers.infd.edu.ar\/sitio\/wp-content\/uploads\/2020\/10\/slide_5-869x158.png\" height=\"200\" width=\"1100\" alt=\"\" class=\"slider-403 slide-861\" title=\"slide_5\" \/><\/li>\n            <\/ul>\n        <\/div>\n        \n    <\/div>\n<\/div>\n<table id=\"table1\" class=\" aligncenter\" width=\"500\" cellspacing=\"0\" cellpadding=\"10\" align=\"center\">\n<tbody>\n<tr>\n<td>\n<h1 align=\"center\"><span style=\"font-size: 14pt; color: black; font-family: Verdana;\"><a href=\"https:\/\/enslvgualeguay-ers.infd.edu.ar\/sitio\/wp-content\/uploads\/2023\/10\/inscrip_2024-e1696973406829.jpeg\"><img decoding=\"async\" loading=\"lazy\" class=\"aligncenter\" src=\"https:\/\/enslvgualeguay-ers.infd.edu.ar\/sitio\/wp-content\/uploads\/2023\/10\/inscrip_2024-e1696973406829.jpeg\" alt=\"Red virtual\" width=\"468\" height=\"393\" align=\"center\" border=\"0\" hspace=\"10\" \/><\/a><\/span><\/h1>\n<\/td>\n<\/tr>\n<tr>\n<td>\n<p><span style=\"font-size: 10pt; color: black; font-family: Verdana;\">Este Instituto Superior de Formaci\u00f3n Docente forma parte del sistema de educaci\u00f3n p\u00fablica de gesti\u00f3n estatal.<\/span><\/p>\n<p><span style=\"font-size: 10pt; color: black; font-family: Verdana;\">A trav\u00e9s de este sitio en Internet, nuestro Instituto podr\u00e1 comunicar novedades, acercar informaci\u00f3n, compartir experiencias y brindar apoyo y asesoramiento a\u00a0alumnos, docentes e interesados en formar parte de esta comunidad educativa.<\/span><\/p>\n<p><span style=\"font-size: 10pt; color: black; font-family: Verdana;\">Junto con varios cientos de Institutos, integramos la <\/span><em><span style=\"font-family: Verdana;\">Red\u00a0Virtual de Institutos Superiores de Formaci\u00f3n Docente<\/span><\/em>\u00a0coordinada por el <strong><span style=\"font-family: Verdana;\">INFD<\/span><\/strong> (Instituto Nacional de Formaci\u00f3n Docente) dependiente del Ministerio de Educaci\u00f3n de la Naci\u00f3n Argentina.<\/td>\n<\/tr>\n<\/tbody>\n<\/table>\n","protected":false},"excerpt":{"rendered":"<p>Este Instituto Superior de Formaci\u00f3n Docente forma parte del sistema de educaci\u00f3n p\u00fablica de gesti\u00f3n estatal. A trav\u00e9s de este sitio en Internet, nuestro Instituto podr\u00e1 comunicar novedades, acercar informaci\u00f3n, compartir experiencias y brindar apoyo y asesoramiento a\u00a0alumnos, docentes e interesados en formar parte de esta comunidad educativa. Junto con varios cientos de Institutos, integramos &#8230; <a title=\"Inicio\" class=\"read-more\" href=\"https:\/\/enslvgualeguay-ers.infd.edu.ar\/sitio\/\" aria-label=\"More on Inicio\">[+]<\/a><\/p>\n","protected":false},"author":1,"featured_media":0,"parent":0,"menu_order":0,"comment_status":"closed","ping_status":"closed","template":"","meta":[],"acf":[],"_links":{"self":[{"href":"https:\/\/enslvgualeguay-ers.infd.edu.ar\/sitio\/wp-json\/wp\/v2\/pages\/286"}],"collection":[{"href":"https:\/\/enslvgualeguay-ers.infd.edu.ar\/sitio\/wp-json\/wp\/v2\/pages"}],"about":[{"href":"https:\/\/enslvgualeguay-ers.infd.edu.ar\/sitio\/wp-json\/wp\/v2\/types\/page"}],"author":[{"embeddable":true,"href":"https:\/\/enslvgualeguay-ers.infd.edu.ar\/sitio\/wp-json\/wp\/v2\/users\/1"}],"replies":[{"embeddable":true,"href":"https:\/\/enslvgualeguay-ers.infd.edu.ar\/sitio\/wp-json\/wp\/v2\/comments?post=286"}],"version-history":[{"count":126,"href":"https:\/\/enslvgualeguay-ers.infd.edu.ar\/sitio\/wp-json\/wp\/v2\/pages\/286\/revisions"}],"predecessor-version":[{"id":1041,"href":"https:\/\/enslvgualeguay-ers.infd.edu.ar\/sitio\/wp-json\/wp\/v2\/pages\/286\/revisions\/1041"}],"wp:attachment":[{"href":"https:\/\/enslvgualeguay-ers.infd.edu.ar\/sitio\/wp-json\/wp\/v2\/media?parent=286"}],"curies":[{"name":"wp","href":"https:\/\/api.w.org\/{rel}","templated":true}]}}