{"id":783,"date":"2018-08-30T14:32:05","date_gmt":"2018-08-30T17:32:05","guid":{"rendered":"https:\/\/enslvgualeguay-ers.infd.edu.ar\/sitio\/datos-institucionales\/"},"modified":"2021-03-12T20:36:44","modified_gmt":"2021-03-12T23:36:44","slug":"datos-institucionales","status":"publish","type":"page","link":"https:\/\/enslvgualeguay-ers.infd.edu.ar\/sitio\/datos-institucionales\/","title":{"rendered":"Datos institucionales"},"content":{"rendered":"<blockquote>\n<p class=\"Resaltado1\">Datos Institucionales:<\/p>\n<ul>\n<li><span style=\"font-size: 10pt; font-family: verdana;\">Escuela Normal Superior en Lenguas Vivas \u00abErnesto\u00a0Alejandro Bavio\u00bb<\/span><\/li>\n<li><span style=\"font-size: 10pt; font-family: verdana;\">Horarios de atenci\u00f3n de 18:00 a 22:00 hs.<\/span><\/li>\n<li><span style=\"font-size: 10pt; font-family: verdana;\">Direcci\u00f3n Melit\u00f3n Ju\u00e1rez n\u00ba 25<\/span><\/li>\n<li><span style=\"font-size: 10pt; font-family: verdana;\">2840 Gualeguay Entre R\u00edos<\/span><\/li>\n<li><span style=\"font-size: 10pt; font-family: verdana;\">Tel\u00e9fonos: 03444-423479<\/span><\/li>\n<li><span style=\"font-size: 10pt; font-family: verdana;\">E-mail de consultas: <a href=\"mailto:escuelanormaleabavio@hotmail.com\">institutosuperiorbavio@yahoo.com.ar<\/a><\/span><\/li>\n<li><span style=\"font-size: 10pt; font-family: verdana;\"><a href=\"http:\/\/enslvgualeguay.ers.infd.edu.ar\">URL:http:\/\/enslvgualeguay.ers.infd.edu.ar<\/a><\/span><\/li>\n<\/ul>\n<\/blockquote>\n","protected":false},"excerpt":{"rendered":"<p>Datos Institucionales: Escuela Normal Superior en Lenguas Vivas \u00abErnesto\u00a0Alejandro Bavio\u00bb Horarios de atenci\u00f3n de 18:00 a 22:00 hs. Direcci\u00f3n Melit\u00f3n Ju\u00e1rez n\u00ba 25 2840 Gualeguay Entre R\u00edos Tel\u00e9fonos: 03444-423479 E-mail de consultas: institutosuperiorbavio@yahoo.com.ar URL:http:\/\/enslvgualeguay.ers.infd.edu.ar<\/p>\n","protected":false},"author":7,"featured_media":0,"parent":0,"menu_order":0,"comment_status":"closed","ping_status":"closed","template":"","meta":[],"acf":[],"_links":{"self":[{"href":"https:\/\/enslvgualeguay-ers.infd.edu.ar\/sitio\/wp-json\/wp\/v2\/pages\/783"}],"collection":[{"href":"https:\/\/enslvgualeguay-ers.infd.edu.ar\/sitio\/wp-json\/wp\/v2\/pages"}],"about":[{"href":"https:\/\/enslvgualeguay-ers.infd.edu.ar\/sitio\/wp-json\/wp\/v2\/types\/page"}],"author":[{"embeddable":true,"href":"https:\/\/enslvgualeguay-ers.infd.edu.ar\/sitio\/wp-json\/wp\/v2\/users\/7"}],"replies":[{"embeddable":true,"href":"https:\/\/enslvgualeguay-ers.infd.edu.ar\/sitio\/wp-json\/wp\/v2\/comments?post=783"}],"version-history":[{"count":2,"href":"https:\/\/enslvgualeguay-ers.infd.edu.ar\/sitio\/wp-json\/wp\/v2\/pages\/783\/revisions"}],"predecessor-version":[{"id":891,"href":"https:\/\/enslvgualeguay-ers.infd.edu.ar\/sitio\/wp-json\/wp\/v2\/pages\/783\/revisions\/891"}],"wp:attachment":[{"href":"https:\/\/enslvgualeguay-ers.infd.edu.ar\/sitio\/wp-json\/wp\/v2\/media?parent=783"}],"curies":[{"name":"wp","href":"https:\/\/api.w.org\/{rel}","templated":true}]}}